{"id":96,"date":"2019-12-21T22:23:28","date_gmt":"2019-12-21T22:23:28","guid":{"rendered":"http:\/\/zagorscypracownia.art\/?page_id=96"},"modified":"2020-10-02T20:52:44","modified_gmt":"2020-10-02T20:52:44","slug":"nowy-kosciol-w-sarnakach","status":"publish","type":"page","link":"https:\/\/zagorscypracownia.art\/index.php\/nowy-kosciol-w-sarnakach\/","title":{"rendered":"Nowy ko\u015bci\u00f3\u0142 pw. \u015bw. Stanis\u0142awa Biskupa i M\u0119czennika, Sarnaki"},"content":{"rendered":"\t\t<div data-elementor-type=\"wp-page\" data-elementor-id=\"96\" class=\"elementor elementor-96\">\n\t\t\t\t\t\t<section class=\"elementor-section elementor-top-section elementor-element elementor-element-95019e0 elementor-section-boxed elementor-section-height-default elementor-section-height-default\" data-id=\"95019e0\" data-element_type=\"section\">\n\t\t\t\t\t\t<div class=\"elementor-container elementor-column-gap-default\">\n\t\t\t\t\t<div class=\"elementor-column elementor-col-100 elementor-top-column elementor-element elementor-element-e3619a6\" data-id=\"e3619a6\" data-element_type=\"column\">\n\t\t\t<div class=\"elementor-widget-wrap elementor-element-populated\">\n\t\t\t\t\t\t<div class=\"elementor-element elementor-element-7989919 elementor-widget elementor-widget-heading\" data-id=\"7989919\" data-element_type=\"widget\" data-widget_type=\"heading.default\">\n\t\t\t\t<div class=\"elementor-widget-container\">\n\t\t\t\t\t<h3 class=\"elementor-heading-title elementor-size-default\">Nowy ko\u015bci\u00f3\u0142 pw. \u015bw. Stanis\u0142awa Biskupa i M\u0119czennika, Sarnaki<\/h3>\t\t\t\t<\/div>\n\t\t\t\t<\/div>\n\t\t\t\t\t<\/div>\n\t\t<\/div>\n\t\t\t\t\t<\/div>\n\t\t<\/section>\n\t\t\t\t<section class=\"elementor-section elementor-top-section elementor-element elementor-element-c38ce19 elementor-section-boxed elementor-section-height-default elementor-section-height-default\" data-id=\"c38ce19\" data-element_type=\"section\">\n\t\t\t\t\t\t<div class=\"elementor-container elementor-column-gap-default\">\n\t\t\t\t\t<div class=\"elementor-column elementor-col-100 elementor-top-column elementor-element elementor-element-6197823\" data-id=\"6197823\" data-element_type=\"column\">\n\t\t\t<div class=\"elementor-widget-wrap elementor-element-populated\">\n\t\t\t\t\t\t<div class=\"elementor-element elementor-element-814d304 elementor-widget elementor-widget-image\" data-id=\"814d304\" data-element_type=\"widget\" data-widget_type=\"image.default\">\n\t\t\t\t<div class=\"elementor-widget-container\">\n\t\t\t\t\t\t\t\t\t\t\t\t\t\t\t<img fetchpriority=\"high\" decoding=\"async\" width=\"660\" height=\"880\" src=\"https:\/\/zagorscypracownia.art\/wp-content\/uploads\/2020\/10\/44C982BE-740A-4F71-AB90-A63ED098396A-1-768x1024.jpeg\" class=\"attachment-large size-large wp-image-405\" alt=\"\" srcset=\"https:\/\/zagorscypracownia.art\/wp-content\/uploads\/2020\/10\/44C982BE-740A-4F71-AB90-A63ED098396A-1-768x1024.jpeg 768w, https:\/\/zagorscypracownia.art\/wp-content\/uploads\/2020\/10\/44C982BE-740A-4F71-AB90-A63ED098396A-1-225x300.jpeg 225w, https:\/\/zagorscypracownia.art\/wp-content\/uploads\/2020\/10\/44C982BE-740A-4F71-AB90-A63ED098396A-1-1152x1536.jpeg 1152w, https:\/\/zagorscypracownia.art\/wp-content\/uploads\/2020\/10\/44C982BE-740A-4F71-AB90-A63ED098396A-1-1536x2048.jpeg 1536w, https:\/\/zagorscypracownia.art\/wp-content\/uploads\/2020\/10\/44C982BE-740A-4F71-AB90-A63ED098396A-1-scaled.jpeg 1920w\" sizes=\"(max-width: 660px) 100vw, 660px\" \/>\t\t\t\t\t\t\t\t\t\t\t\t\t\t\t<\/div>\n\t\t\t\t<\/div>\n\t\t\t\t\t<\/div>\n\t\t<\/div>\n\t\t\t\t\t<\/div>\n\t\t<\/section>\n\t\t\t\t<section class=\"elementor-section elementor-top-section elementor-element elementor-element-fdff5a1 elementor-section-boxed elementor-section-height-default elementor-section-height-default\" data-id=\"fdff5a1\" data-element_type=\"section\">\n\t\t\t\t\t\t<div class=\"elementor-container elementor-column-gap-default\">\n\t\t\t\t\t<div class=\"elementor-column elementor-col-50 elementor-top-column elementor-element elementor-element-d2fb42a\" data-id=\"d2fb42a\" data-element_type=\"column\">\n\t\t\t<div class=\"elementor-widget-wrap elementor-element-populated\">\n\t\t\t\t\t\t<div class=\"elementor-element elementor-element-7223adf elementor-widget elementor-widget-image\" data-id=\"7223adf\" data-element_type=\"widget\" data-widget_type=\"image.default\">\n\t\t\t\t<div class=\"elementor-widget-container\">\n\t\t\t\t\t\t\t\t\t\t\t\t\t\t\t<img decoding=\"async\" width=\"660\" height=\"880\" src=\"https:\/\/zagorscypracownia.art\/wp-content\/uploads\/2020\/10\/4F435E98-8BCD-4DD7-B0AD-A11BCA2CC77D-1-768x1024.jpg\" class=\"attachment-large size-large wp-image-403\" alt=\"\" srcset=\"https:\/\/zagorscypracownia.art\/wp-content\/uploads\/2020\/10\/4F435E98-8BCD-4DD7-B0AD-A11BCA2CC77D-1-768x1024.jpg 768w, https:\/\/zagorscypracownia.art\/wp-content\/uploads\/2020\/10\/4F435E98-8BCD-4DD7-B0AD-A11BCA2CC77D-1-225x300.jpg 225w, https:\/\/zagorscypracownia.art\/wp-content\/uploads\/2020\/10\/4F435E98-8BCD-4DD7-B0AD-A11BCA2CC77D-1-1152x1536.jpg 1152w, https:\/\/zagorscypracownia.art\/wp-content\/uploads\/2020\/10\/4F435E98-8BCD-4DD7-B0AD-A11BCA2CC77D-1-1536x2048.jpg 1536w, https:\/\/zagorscypracownia.art\/wp-content\/uploads\/2020\/10\/4F435E98-8BCD-4DD7-B0AD-A11BCA2CC77D-1-scaled.jpg 1920w\" sizes=\"(max-width: 660px) 100vw, 660px\" \/>\t\t\t\t\t\t\t\t\t\t\t\t\t\t\t<\/div>\n\t\t\t\t<\/div>\n\t\t\t\t\t<\/div>\n\t\t<\/div>\n\t\t\t\t<div class=\"elementor-column elementor-col-50 elementor-top-column elementor-element elementor-element-5dcba2e\" data-id=\"5dcba2e\" data-element_type=\"column\">\n\t\t\t<div class=\"elementor-widget-wrap elementor-element-populated\">\n\t\t\t\t\t\t<div class=\"elementor-element elementor-element-8495775 elementor-widget elementor-widget-image\" data-id=\"8495775\" data-element_type=\"widget\" data-widget_type=\"image.default\">\n\t\t\t\t<div class=\"elementor-widget-container\">\n\t\t\t\t\t\t\t\t\t\t\t\t\t\t\t<img decoding=\"async\" width=\"660\" height=\"918\" src=\"https:\/\/zagorscypracownia.art\/wp-content\/uploads\/2020\/10\/C51DCF31D-D805-4139-8A94-4FC600F2DEBE-736x1024.jpeg\" class=\"attachment-large size-large wp-image-400\" alt=\"\" srcset=\"https:\/\/zagorscypracownia.art\/wp-content\/uploads\/2020\/10\/C51DCF31D-D805-4139-8A94-4FC600F2DEBE-736x1024.jpeg 736w, https:\/\/zagorscypracownia.art\/wp-content\/uploads\/2020\/10\/C51DCF31D-D805-4139-8A94-4FC600F2DEBE-216x300.jpeg 216w, https:\/\/zagorscypracownia.art\/wp-content\/uploads\/2020\/10\/C51DCF31D-D805-4139-8A94-4FC600F2DEBE-768x1068.jpeg 768w, https:\/\/zagorscypracownia.art\/wp-content\/uploads\/2020\/10\/C51DCF31D-D805-4139-8A94-4FC600F2DEBE-1104x1536.jpeg 1104w, https:\/\/zagorscypracownia.art\/wp-content\/uploads\/2020\/10\/C51DCF31D-D805-4139-8A94-4FC600F2DEBE-1473x2048.jpeg 1473w, https:\/\/zagorscypracownia.art\/wp-content\/uploads\/2020\/10\/C51DCF31D-D805-4139-8A94-4FC600F2DEBE-scaled.jpeg 1841w\" sizes=\"(max-width: 660px) 100vw, 660px\" \/>\t\t\t\t\t\t\t\t\t\t\t\t\t\t\t<\/div>\n\t\t\t\t<\/div>\n\t\t\t\t\t<\/div>\n\t\t<\/div>\n\t\t\t\t\t<\/div>\n\t\t<\/section>\n\t\t\t\t<section class=\"elementor-section elementor-top-section elementor-element elementor-element-b79c24e elementor-section-boxed elementor-section-height-default elementor-section-height-default\" data-id=\"b79c24e\" data-element_type=\"section\">\n\t\t\t\t\t\t<div class=\"elementor-container elementor-column-gap-default\">\n\t\t\t\t\t<div class=\"elementor-column elementor-col-100 elementor-top-column elementor-element elementor-element-bb63d9a\" data-id=\"bb63d9a\" data-element_type=\"column\">\n\t\t\t<div class=\"elementor-widget-wrap elementor-element-populated\">\n\t\t\t\t\t\t<div class=\"elementor-element elementor-element-09f9c47 elementor-widget elementor-widget-image\" data-id=\"09f9c47\" data-element_type=\"widget\" data-widget_type=\"image.default\">\n\t\t\t\t<div class=\"elementor-widget-container\">\n\t\t\t\t\t\t\t\t\t\t\t\t\t\t\t<img loading=\"lazy\" decoding=\"async\" width=\"660\" height=\"451\" src=\"https:\/\/zagorscypracownia.art\/wp-content\/uploads\/2020\/10\/3522A9BB-944F-42F0-AF33-7034931D265F7-1-1024x699.jpeg\" class=\"attachment-large size-large wp-image-408\" alt=\"\" srcset=\"https:\/\/zagorscypracownia.art\/wp-content\/uploads\/2020\/10\/3522A9BB-944F-42F0-AF33-7034931D265F7-1-1024x699.jpeg 1024w, https:\/\/zagorscypracownia.art\/wp-content\/uploads\/2020\/10\/3522A9BB-944F-42F0-AF33-7034931D265F7-1-300x205.jpeg 300w, https:\/\/zagorscypracownia.art\/wp-content\/uploads\/2020\/10\/3522A9BB-944F-42F0-AF33-7034931D265F7-1-768x524.jpeg 768w, https:\/\/zagorscypracownia.art\/wp-content\/uploads\/2020\/10\/3522A9BB-944F-42F0-AF33-7034931D265F7-1-1536x1048.jpeg 1536w, https:\/\/zagorscypracownia.art\/wp-content\/uploads\/2020\/10\/3522A9BB-944F-42F0-AF33-7034931D265F7-1-2048x1398.jpeg 2048w\" sizes=\"(max-width: 660px) 100vw, 660px\" \/>\t\t\t\t\t\t\t\t\t\t\t\t\t\t\t<\/div>\n\t\t\t\t<\/div>\n\t\t\t\t\t<\/div>\n\t\t<\/div>\n\t\t\t\t\t<\/div>\n\t\t<\/section>\n\t\t\t\t<section class=\"elementor-section elementor-top-section elementor-element elementor-element-2d7c155e elementor-section-boxed elementor-section-height-default elementor-section-height-default\" data-id=\"2d7c155e\" data-element_type=\"section\">\n\t\t\t\t\t\t<div class=\"elementor-container elementor-column-gap-default\">\n\t\t\t\t\t<div class=\"elementor-column elementor-col-100 elementor-top-column elementor-element elementor-element-1f3b3521\" data-id=\"1f3b3521\" data-element_type=\"column\">\n\t\t\t<div class=\"elementor-widget-wrap elementor-element-populated\">\n\t\t\t\t\t\t<div class=\"elementor-element elementor-element-2902feb6 elementor-widget elementor-widget-text-editor\" data-id=\"2902feb6\" data-element_type=\"widget\" data-widget_type=\"text-editor.default\">\n\t\t\t\t<div class=\"elementor-widget-container\">\n\t\t\t\t\t\t\t\t\t<p><\/p>\n<figure class=\"wp-block-gallery columns-2 is-cropped wp-block-gallery-3 is-layout-flex wp-block-gallery-is-layout-flex\">\n<ul class=\"blocks-gallery-grid\">\n<li class=\"blocks-gallery-item\">\n<figure><img loading=\"lazy\" decoding=\"async\" width=\"1024\" height=\"933\" class=\"wp-image-40\" src=\"http:\/\/zagorscypracownia.art\/wp-content\/uploads\/2019\/12\/IMG_7672-copy1-1-1024x933.jpg\" alt=\"\" data-id=\"40\" data-link=\"http:\/\/zagorscypracownia.art\/index.php\/17-2\/img_7672-copy1-2\/\" srcset=\"https:\/\/zagorscypracownia.art\/wp-content\/uploads\/2019\/12\/IMG_7672-copy1-1-1024x933.jpg 1024w, https:\/\/zagorscypracownia.art\/wp-content\/uploads\/2019\/12\/IMG_7672-copy1-1-300x273.jpg 300w, https:\/\/zagorscypracownia.art\/wp-content\/uploads\/2019\/12\/IMG_7672-copy1-1-768x699.jpg 768w, https:\/\/zagorscypracownia.art\/wp-content\/uploads\/2019\/12\/IMG_7672-copy1-1-640x583.jpg 640w, https:\/\/zagorscypracownia.art\/wp-content\/uploads\/2019\/12\/IMG_7672-copy1-1.jpg 1500w\" sizes=\"(max-width: 1024px) 100vw, 1024px\" \/><\/figure>\n<\/li>\n<li class=\"blocks-gallery-item\">\n<figure><img loading=\"lazy\" decoding=\"async\" width=\"734\" height=\"1024\" class=\"wp-image-27\" src=\"http:\/\/zagorscypracownia.art\/wp-content\/uploads\/2019\/12\/IMG_7678-copy-1-734x1024.jpg\" alt=\"\" data-id=\"27\" data-link=\"http:\/\/zagorscypracownia.art\/index.php\/malarstwo-scienne\/img_7678-copy-2\/\" srcset=\"https:\/\/zagorscypracownia.art\/wp-content\/uploads\/2019\/12\/IMG_7678-copy-1-734x1024.jpg 734w, https:\/\/zagorscypracownia.art\/wp-content\/uploads\/2019\/12\/IMG_7678-copy-1-215x300.jpg 215w, https:\/\/zagorscypracownia.art\/wp-content\/uploads\/2019\/12\/IMG_7678-copy-1-768x1072.jpg 768w, https:\/\/zagorscypracownia.art\/wp-content\/uploads\/2019\/12\/IMG_7678-copy-1-640x893.jpg 640w, https:\/\/zagorscypracownia.art\/wp-content\/uploads\/2019\/12\/IMG_7678-copy-1.jpg 1500w\" sizes=\"(max-width: 734px) 100vw, 734px\" \/><\/figure>\n<\/li>\n<li class=\"blocks-gallery-item\">\n<figure><img loading=\"lazy\" decoding=\"async\" width=\"770\" height=\"1024\" class=\"wp-image-26\" src=\"http:\/\/zagorscypracownia.art\/wp-content\/uploads\/2019\/12\/IMG_7704-copy-770x1024.jpg\" alt=\"\" data-id=\"26\" data-link=\"http:\/\/zagorscypracownia.art\/index.php\/malarstwo-scienne\/img_7704-copy\/\" srcset=\"https:\/\/zagorscypracownia.art\/wp-content\/uploads\/2019\/12\/IMG_7704-copy-770x1024.jpg 770w, https:\/\/zagorscypracownia.art\/wp-content\/uploads\/2019\/12\/IMG_7704-copy-226x300.jpg 226w, https:\/\/zagorscypracownia.art\/wp-content\/uploads\/2019\/12\/IMG_7704-copy-768x1021.jpg 768w, https:\/\/zagorscypracownia.art\/wp-content\/uploads\/2019\/12\/IMG_7704-copy-640x851.jpg 640w, https:\/\/zagorscypracownia.art\/wp-content\/uploads\/2019\/12\/IMG_7704-copy.jpg 1500w\" sizes=\"(max-width: 770px) 100vw, 770px\" \/><\/figure>\n<\/li>\n<li class=\"blocks-gallery-item\">\n<figure><img loading=\"lazy\" decoding=\"async\" width=\"1024\" height=\"831\" class=\"wp-image-25\" src=\"http:\/\/zagorscypracownia.art\/wp-content\/uploads\/2019\/12\/IMG_7668-copy-1024x831.jpg\" alt=\"\" data-id=\"25\" data-link=\"http:\/\/zagorscypracownia.art\/index.php\/malarstwo-scienne\/img_7668-copy\/\" srcset=\"https:\/\/zagorscypracownia.art\/wp-content\/uploads\/2019\/12\/IMG_7668-copy-1024x831.jpg 1024w, https:\/\/zagorscypracownia.art\/wp-content\/uploads\/2019\/12\/IMG_7668-copy-300x244.jpg 300w, https:\/\/zagorscypracownia.art\/wp-content\/uploads\/2019\/12\/IMG_7668-copy-768x624.jpg 768w, https:\/\/zagorscypracownia.art\/wp-content\/uploads\/2019\/12\/IMG_7668-copy-640x520.jpg 640w, https:\/\/zagorscypracownia.art\/wp-content\/uploads\/2019\/12\/IMG_7668-copy.jpg 2000w\" sizes=\"(max-width: 1024px) 100vw, 1024px\" \/><\/figure>\n<\/li>\n<li class=\"blocks-gallery-item\">\n<figure><img loading=\"lazy\" decoding=\"async\" width=\"734\" height=\"1024\" class=\"wp-image-22\" src=\"http:\/\/zagorscypracownia.art\/wp-content\/uploads\/2019\/12\/IMG_7678-copy-734x1024.jpg\" alt=\"\" data-id=\"22\" data-link=\"http:\/\/zagorscypracownia.art\/index.php\/malarstwo-scienne\/img_7678-copy\/\" srcset=\"https:\/\/zagorscypracownia.art\/wp-content\/uploads\/2019\/12\/IMG_7678-copy-734x1024.jpg 734w, https:\/\/zagorscypracownia.art\/wp-content\/uploads\/2019\/12\/IMG_7678-copy-215x300.jpg 215w, https:\/\/zagorscypracownia.art\/wp-content\/uploads\/2019\/12\/IMG_7678-copy-768x1072.jpg 768w, https:\/\/zagorscypracownia.art\/wp-content\/uploads\/2019\/12\/IMG_7678-copy-640x893.jpg 640w, https:\/\/zagorscypracownia.art\/wp-content\/uploads\/2019\/12\/IMG_7678-copy.jpg 1500w\" sizes=\"(max-width: 734px) 100vw, 734px\" \/><\/figure>\n<\/li>\n<li class=\"blocks-gallery-item\">\n<figure><img loading=\"lazy\" decoding=\"async\" width=\"1024\" height=\"768\" class=\"wp-image-97\" src=\"http:\/\/zagorscypracownia.art\/wp-content\/uploads\/2019\/12\/IMG_3557-1024x768.jpg\" alt=\"\" data-id=\"97\" data-link=\"http:\/\/zagorscypracownia.art\/?attachment_id=97\" srcset=\"https:\/\/zagorscypracownia.art\/wp-content\/uploads\/2019\/12\/IMG_3557-1024x768.jpg 1024w, https:\/\/zagorscypracownia.art\/wp-content\/uploads\/2019\/12\/IMG_3557-300x225.jpg 300w, https:\/\/zagorscypracownia.art\/wp-content\/uploads\/2019\/12\/IMG_3557-768x576.jpg 768w, https:\/\/zagorscypracownia.art\/wp-content\/uploads\/2019\/12\/IMG_3557-640x480.jpg 640w\" sizes=\"(max-width: 1024px) 100vw, 1024px\" \/><\/figure>\n<\/li>\n<\/ul>\n<\/figure>\n<p><\/p>\n<p><\/p>\n<figure class=\"wp-block-gallery columns-0 is-cropped wp-block-gallery-4 is-layout-flex wp-block-gallery-is-layout-flex\"><\/figure>\n<p><\/p>\t\t\t\t\t\t\t\t<\/div>\n\t\t\t\t<\/div>\n\t\t\t\t\t<\/div>\n\t\t<\/div>\n\t\t\t\t\t<\/div>\n\t\t<\/section>\n\t\t\t\t<\/div>\n\t\t","protected":false},"excerpt":{"rendered":"<p>Nowy ko\u015bci\u00f3\u0142 pw. \u015bw. Stanis\u0142awa Biskupa i M\u0119czennika, Sarnaki<\/p>\n","protected":false},"author":1,"featured_media":0,"parent":0,"menu_order":0,"comment_status":"closed","ping_status":"closed","template":"","meta":{"footnotes":""},"class_list":["post-96","page","type-page","status-publish","hentry"],"_links":{"self":[{"href":"https:\/\/zagorscypracownia.art\/index.php\/wp-json\/wp\/v2\/pages\/96","targetHints":{"allow":["GET"]}}],"collection":[{"href":"https:\/\/zagorscypracownia.art\/index.php\/wp-json\/wp\/v2\/pages"}],"about":[{"href":"https:\/\/zagorscypracownia.art\/index.php\/wp-json\/wp\/v2\/types\/page"}],"author":[{"embeddable":true,"href":"https:\/\/zagorscypracownia.art\/index.php\/wp-json\/wp\/v2\/users\/1"}],"replies":[{"embeddable":true,"href":"https:\/\/zagorscypracownia.art\/index.php\/wp-json\/wp\/v2\/comments?post=96"}],"version-history":[{"count":18,"href":"https:\/\/zagorscypracownia.art\/index.php\/wp-json\/wp\/v2\/pages\/96\/revisions"}],"predecessor-version":[{"id":416,"href":"https:\/\/zagorscypracownia.art\/index.php\/wp-json\/wp\/v2\/pages\/96\/revisions\/416"}],"wp:attachment":[{"href":"https:\/\/zagorscypracownia.art\/index.php\/wp-json\/wp\/v2\/media?parent=96"}],"curies":[{"name":"wp","href":"https:\/\/api.w.org\/{rel}","templated":true}]}}