{"id":61,"date":"2019-12-21T19:14:54","date_gmt":"2019-12-21T19:14:54","guid":{"rendered":"http:\/\/zagorscypracownia.art\/?page_id=61"},"modified":"2025-12-18T14:51:55","modified_gmt":"2025-12-18T14:51:55","slug":"kontakt","status":"publish","type":"page","link":"https:\/\/zagorscypracownia.art\/index.php\/kontakt\/","title":{"rendered":"O nas"},"content":{"rendered":"\n<p><\/p>\n\n\n\n<p><em>Zag\u00f3rscy Pracownia Artystyczna<\/em> powsta\u0142a w ramach wsp\u00f3\u0142pracy ojca z synem.&nbsp;<\/p>\n\n\n\n<figure class=\"wp-block-image size-full\"><img fetchpriority=\"high\" decoding=\"async\" width=\"1000\" height=\"694\" src=\"https:\/\/zagorscypracownia.art\/wp-content\/uploads\/2025\/12\/zagorscy.jpg\" alt=\"\" class=\"wp-image-440\" srcset=\"https:\/\/zagorscypracownia.art\/wp-content\/uploads\/2025\/12\/zagorscy.jpg 1000w, https:\/\/zagorscypracownia.art\/wp-content\/uploads\/2025\/12\/zagorscy-300x208.jpg 300w, https:\/\/zagorscypracownia.art\/wp-content\/uploads\/2025\/12\/zagorscy-768x533.jpg 768w\" sizes=\"(max-width: 1000px) 100vw, 1000px\" \/><\/figure>\n\n\n\n<p>Wiedz\u0119 zdobywali\u015bmy na uczelniach artystycznych w miastach takich jak Kij\u00f3w, Odessa, Toru\u0144 czy Palermo. Nasz\u0105 wsp\u00f3\u0142prac\u0119 charakteryzuje po\u0142\u0105czenie wysokiego warsztatu artystycznego, cechuj\u0105cego wschodni\u0105 szko\u0142\u0119 malarstwa akademickiego z nowatorskimi rozwi\u0105zaniami&nbsp;szko\u0142y zachodniej. Do\u015bwiadczenie budowali\u015bmy przez wiele lat realizuj\u0105c zlecenia w Polsce i Stanach Zjednoczonych.<\/p>\n\n\n\n<p>Opinie zadowolonych klient\u00f3w, kt\u00f3rzy polecaj\u0105 nasze us\u0142ugi upewniaj\u0105 nas o wysokiej jako\u015bci wykonywanej przez nas pracy.<\/p>\n\n\n\n<p>Obejrzyj nasze dotychczasowe realizacje:<\/p>\n\n\n\n<div data-wp-interactive=\"core\/file\" class=\"wp-block-file\"><object data-wp-bind--hidden=\"!state.hasPdfPreview\" hidden class=\"wp-block-file__embed\" data=\"https:\/\/zagorscypracownia.art\/wp-content\/uploads\/2025\/12\/broszura_zagorscy_druk.pdf\" type=\"application\/pdf\" style=\"width:100%;height:600px\" aria-label=\"Osadzone z broszura_zagorscy_druk.\"><\/object><a id=\"wp-block-file--media-670ab8c4-c263-4d11-b9bc-a5ad74e8acf8\" href=\"https:\/\/zagorscypracownia.art\/wp-content\/uploads\/2025\/12\/broszura_zagorscy_druk.pdf\">broszura_zagorscy_druk<\/a><a href=\"https:\/\/zagorscypracownia.art\/wp-content\/uploads\/2025\/12\/broszura_zagorscy_druk.pdf\" class=\"wp-block-file__button wp-element-button\" download aria-describedby=\"wp-block-file--media-670ab8c4-c263-4d11-b9bc-a5ad74e8acf8\">Pobierz<\/a><\/div>\n\n\n\n<p><\/p>\n\n\n\n<p><\/p>\n\n\n\n<p><\/p>\n\n\n\n<p><\/p>\n\n\n\n<p><\/p>\n\n\n\n<p>Zapraszamy do kontaktu:<br><strong><a href=\"mailto:zagorski.hen@gmail.com\">zagorski.hen@gmail.com<\/a><\/strong><\/p>\n","protected":false},"excerpt":{"rendered":"<p>Zag\u00f3rscy Pracownia Artystyczna powsta\u0142a w ramach wsp\u00f3\u0142pracy ojca z synem.&nbsp; Wiedz\u0119 zdobywali\u015bmy na uczelniach artystycznych w miastach takich jak Kij\u00f3w, Odessa, Toru\u0144 czy Palermo. Nasz\u0105 wsp\u00f3\u0142prac\u0119 charakteryzuje po\u0142\u0105czenie wysokiego warsztatu artystycznego, cechuj\u0105cego wschodni\u0105 szko\u0142\u0119 malarstwa akademickiego z nowatorskimi rozwi\u0105zaniami&nbsp;szko\u0142y zachodniej. Do\u015bwiadczenie budowali\u015bmy przez wiele lat realizuj\u0105c zlecenia w Polsce i Stanach Zjednoczonych. Opinie zadowolonych klient\u00f3w, &hellip; <a href=\"https:\/\/zagorscypracownia.art\/index.php\/kontakt\/\" class=\"more-link\">Czytaj dalej <span class=\"screen-reader-text\">O nas<\/span><\/a><\/p>\n","protected":false},"author":1,"featured_media":0,"parent":0,"menu_order":0,"comment_status":"closed","ping_status":"closed","template":"","meta":{"footnotes":""},"class_list":["post-61","page","type-page","status-publish","hentry"],"_links":{"self":[{"href":"https:\/\/zagorscypracownia.art\/index.php\/wp-json\/wp\/v2\/pages\/61","targetHints":{"allow":["GET"]}}],"collection":[{"href":"https:\/\/zagorscypracownia.art\/index.php\/wp-json\/wp\/v2\/pages"}],"about":[{"href":"https:\/\/zagorscypracownia.art\/index.php\/wp-json\/wp\/v2\/types\/page"}],"author":[{"embeddable":true,"href":"https:\/\/zagorscypracownia.art\/index.php\/wp-json\/wp\/v2\/users\/1"}],"replies":[{"embeddable":true,"href":"https:\/\/zagorscypracownia.art\/index.php\/wp-json\/wp\/v2\/comments?post=61"}],"version-history":[{"count":22,"href":"https:\/\/zagorscypracownia.art\/index.php\/wp-json\/wp\/v2\/pages\/61\/revisions"}],"predecessor-version":[{"id":454,"href":"https:\/\/zagorscypracownia.art\/index.php\/wp-json\/wp\/v2\/pages\/61\/revisions\/454"}],"wp:attachment":[{"href":"https:\/\/zagorscypracownia.art\/index.php\/wp-json\/wp\/v2\/media?parent=61"}],"curies":[{"name":"wp","href":"https:\/\/api.w.org\/{rel}","templated":true}]}}