{"id":53,"date":"2019-12-21T19:10:35","date_gmt":"2019-12-21T19:10:35","guid":{"rendered":"http:\/\/zagorscypracownia.art\/?page_id=53"},"modified":"2020-08-10T14:27:17","modified_gmt":"2020-08-10T14:27:17","slug":"konserwacja-kamienia","status":"publish","type":"page","link":"https:\/\/zagorscypracownia.art\/index.php\/konserwacja-kamienia\/","title":{"rendered":"Konserwacja kamienia w architekturze i rze\u017abie"},"content":{"rendered":"\n<p>Mamy wieloletnie do\u015bwiadczenie w renowacji i konserwacji rze\u017ab oraz element\u00f3w architektury sakralnej. Wykonujemy kompleksowe prace obejmuj\u0105ce dezynfekcje, wst\u0119pne wzmocnienie, zabezpieczenie\u00a0polichromii, usuni\u0119cie korozyjnych nawarstwie\u0144, odsolenie wzmocnienie strukturalne, uzupe\u0142nienie ubytk\u00f3w i hydrofobizacj\u0119.<\/p>\n\n\n\n<p>Dbaj\u0105c o jako\u015b\u0107 wykonywanych prac wykorzystujemy najlepsze dost\u0119pne materia\u0142y konserwatorskie firmy Remmers.<br><\/p>\n\n\n\n<figure class=\"wp-block-gallery columns-0 is-cropped wp-block-gallery-1 is-layout-flex wp-block-gallery-is-layout-flex\"><ul class=\"blocks-gallery-grid\"><\/ul><\/figure>\n","protected":false},"excerpt":{"rendered":"<p>Mamy wieloletnie do\u015bwiadczenie w renowacji i konserwacji rze\u017ab oraz element\u00f3w architektury sakralnej. Wykonujemy kompleksowe prace obejmuj\u0105ce dezynfekcje, wst\u0119pne wzmocnienie, zabezpieczenie\u00a0polichromii, usuni\u0119cie korozyjnych nawarstwie\u0144, odsolenie wzmocnienie strukturalne, uzupe\u0142nienie ubytk\u00f3w i hydrofobizacj\u0119. Dbaj\u0105c o jako\u015b\u0107 wykonywanych prac wykorzystujemy najlepsze dost\u0119pne materia\u0142y konserwatorskie firmy Remmers.<\/p>\n","protected":false},"author":1,"featured_media":0,"parent":0,"menu_order":0,"comment_status":"closed","ping_status":"closed","template":"","meta":{"footnotes":""},"class_list":["post-53","page","type-page","status-publish","hentry"],"_links":{"self":[{"href":"https:\/\/zagorscypracownia.art\/index.php\/wp-json\/wp\/v2\/pages\/53","targetHints":{"allow":["GET"]}}],"collection":[{"href":"https:\/\/zagorscypracownia.art\/index.php\/wp-json\/wp\/v2\/pages"}],"about":[{"href":"https:\/\/zagorscypracownia.art\/index.php\/wp-json\/wp\/v2\/types\/page"}],"author":[{"embeddable":true,"href":"https:\/\/zagorscypracownia.art\/index.php\/wp-json\/wp\/v2\/users\/1"}],"replies":[{"embeddable":true,"href":"https:\/\/zagorscypracownia.art\/index.php\/wp-json\/wp\/v2\/comments?post=53"}],"version-history":[{"count":7,"href":"https:\/\/zagorscypracownia.art\/index.php\/wp-json\/wp\/v2\/pages\/53\/revisions"}],"predecessor-version":[{"id":374,"href":"https:\/\/zagorscypracownia.art\/index.php\/wp-json\/wp\/v2\/pages\/53\/revisions\/374"}],"wp:attachment":[{"href":"https:\/\/zagorscypracownia.art\/index.php\/wp-json\/wp\/v2\/media?parent=53"}],"curies":[{"name":"wp","href":"https:\/\/api.w.org\/{rel}","templated":true}]}}