{"id":298,"date":"2020-08-07T11:03:35","date_gmt":"2020-08-07T11:03:35","guid":{"rendered":"http:\/\/zagorscypracownia.art\/?page_id=298"},"modified":"2020-08-07T11:03:35","modified_gmt":"2020-08-07T11:03:35","slug":"kosciol-rzymskokatolicki-pw-sw-franciszka-z-asyzu-prazmow","status":"publish","type":"page","link":"https:\/\/zagorscypracownia.art\/index.php\/kosciol-rzymskokatolicki-pw-sw-franciszka-z-asyzu-prazmow\/","title":{"rendered":"Ko\u015bci\u00f3\u0142 Rzymskokatolicki pw. \u015bw. Franciszka z Asy\u017cu, Pra\u017cm\u00f3w"},"content":{"rendered":"\n<figure class=\"wp-block-gallery columns-2 is-cropped wp-block-gallery-1 is-layout-flex wp-block-gallery-is-layout-flex\"><ul class=\"blocks-gallery-grid\"><li class=\"blocks-gallery-item\"><figure><a href=\"http:\/\/zagorscypracownia.art\/wp-content\/uploads\/2020\/08\/4-6.jpg\"><img fetchpriority=\"high\" decoding=\"async\" width=\"1024\" height=\"1024\" src=\"http:\/\/zagorscypracownia.art\/wp-content\/uploads\/2020\/08\/4-6-1024x1024.jpg\" alt=\"\" data-id=\"302\" data-full-url=\"http:\/\/zagorscypracownia.art\/wp-content\/uploads\/2020\/08\/4-6.jpg\" data-link=\"http:\/\/zagorscypracownia.art\/?attachment_id=302\" class=\"wp-image-302\" srcset=\"https:\/\/zagorscypracownia.art\/wp-content\/uploads\/2020\/08\/4-6-1024x1024.jpg 1024w, https:\/\/zagorscypracownia.art\/wp-content\/uploads\/2020\/08\/4-6-300x300.jpg 300w, https:\/\/zagorscypracownia.art\/wp-content\/uploads\/2020\/08\/4-6-150x150.jpg 150w, https:\/\/zagorscypracownia.art\/wp-content\/uploads\/2020\/08\/4-6-768x768.jpg 768w, https:\/\/zagorscypracownia.art\/wp-content\/uploads\/2020\/08\/4-6.jpg 1314w\" sizes=\"(max-width: 1024px) 100vw, 1024px\" \/><\/a><\/figure><\/li><li class=\"blocks-gallery-item\"><figure><a href=\"http:\/\/zagorscypracownia.art\/wp-content\/uploads\/2020\/08\/5-6.jpg\"><img decoding=\"async\" width=\"1024\" height=\"1024\" src=\"http:\/\/zagorscypracownia.art\/wp-content\/uploads\/2020\/08\/5-6-1024x1024.jpg\" alt=\"\" data-id=\"303\" data-full-url=\"http:\/\/zagorscypracownia.art\/wp-content\/uploads\/2020\/08\/5-6.jpg\" data-link=\"http:\/\/zagorscypracownia.art\/?attachment_id=303\" class=\"wp-image-303\" srcset=\"https:\/\/zagorscypracownia.art\/wp-content\/uploads\/2020\/08\/5-6-1024x1024.jpg 1024w, https:\/\/zagorscypracownia.art\/wp-content\/uploads\/2020\/08\/5-6-300x300.jpg 300w, https:\/\/zagorscypracownia.art\/wp-content\/uploads\/2020\/08\/5-6-150x150.jpg 150w, https:\/\/zagorscypracownia.art\/wp-content\/uploads\/2020\/08\/5-6-768x768.jpg 768w, https:\/\/zagorscypracownia.art\/wp-content\/uploads\/2020\/08\/5-6.jpg 1314w\" sizes=\"(max-width: 1024px) 100vw, 1024px\" \/><\/a><\/figure><\/li><\/ul><\/figure>\n\n\n\n<figure class=\"wp-block-gallery columns-1 is-cropped wp-block-gallery-2 is-layout-flex wp-block-gallery-is-layout-flex\"><ul class=\"blocks-gallery-grid\"><li class=\"blocks-gallery-item\"><figure><a href=\"http:\/\/zagorscypracownia.art\/wp-content\/uploads\/2020\/08\/1-7-scaled.jpg\"><img decoding=\"async\" width=\"1024\" height=\"768\" src=\"http:\/\/zagorscypracownia.art\/wp-content\/uploads\/2020\/08\/1-7-1024x768.jpg\" alt=\"\" data-id=\"301\" data-full-url=\"http:\/\/zagorscypracownia.art\/wp-content\/uploads\/2020\/08\/1-7-scaled.jpg\" data-link=\"http:\/\/zagorscypracownia.art\/?attachment_id=301\" class=\"wp-image-301\" srcset=\"https:\/\/zagorscypracownia.art\/wp-content\/uploads\/2020\/08\/1-7-1024x768.jpg 1024w, https:\/\/zagorscypracownia.art\/wp-content\/uploads\/2020\/08\/1-7-300x225.jpg 300w, https:\/\/zagorscypracownia.art\/wp-content\/uploads\/2020\/08\/1-7-768x576.jpg 768w, https:\/\/zagorscypracownia.art\/wp-content\/uploads\/2020\/08\/1-7-1536x1152.jpg 1536w, https:\/\/zagorscypracownia.art\/wp-content\/uploads\/2020\/08\/1-7-2048x1536.jpg 2048w\" sizes=\"(max-width: 1024px) 100vw, 1024px\" \/><\/a><\/figure><\/li><\/ul><\/figure>\n","protected":false},"excerpt":{"rendered":"","protected":false},"author":1,"featured_media":0,"parent":0,"menu_order":0,"comment_status":"closed","ping_status":"closed","template":"","meta":{"footnotes":""},"class_list":["post-298","page","type-page","status-publish","hentry"],"_links":{"self":[{"href":"https:\/\/zagorscypracownia.art\/index.php\/wp-json\/wp\/v2\/pages\/298","targetHints":{"allow":["GET"]}}],"collection":[{"href":"https:\/\/zagorscypracownia.art\/index.php\/wp-json\/wp\/v2\/pages"}],"about":[{"href":"https:\/\/zagorscypracownia.art\/index.php\/wp-json\/wp\/v2\/types\/page"}],"author":[{"embeddable":true,"href":"https:\/\/zagorscypracownia.art\/index.php\/wp-json\/wp\/v2\/users\/1"}],"replies":[{"embeddable":true,"href":"https:\/\/zagorscypracownia.art\/index.php\/wp-json\/wp\/v2\/comments?post=298"}],"version-history":[{"count":1,"href":"https:\/\/zagorscypracownia.art\/index.php\/wp-json\/wp\/v2\/pages\/298\/revisions"}],"predecessor-version":[{"id":304,"href":"https:\/\/zagorscypracownia.art\/index.php\/wp-json\/wp\/v2\/pages\/298\/revisions\/304"}],"wp:attachment":[{"href":"https:\/\/zagorscypracownia.art\/index.php\/wp-json\/wp\/v2\/media?parent=298"}],"curies":[{"name":"wp","href":"https:\/\/api.w.org\/{rel}","templated":true}]}}