{"id":290,"date":"2020-08-07T10:57:32","date_gmt":"2020-08-07T10:57:32","guid":{"rendered":"http:\/\/zagorscypracownia.art\/?page_id=290"},"modified":"2020-08-07T11:16:01","modified_gmt":"2020-08-07T11:16:01","slug":"kosciol-makow-mazowiecki","status":"publish","type":"page","link":"https:\/\/zagorscypracownia.art\/index.php\/kosciol-makow-mazowiecki\/","title":{"rendered":"Ko\u015bci\u00f3\u0142 Rzymskokatolicki pw. Bo\u017cego Cia\u0142a, Mak\u00f3w Mazowiecki"},"content":{"rendered":"\n<figure class=\"wp-block-gallery columns-1 is-cropped wp-block-gallery-1 is-layout-flex wp-block-gallery-is-layout-flex\"><ul class=\"blocks-gallery-grid\"><li class=\"blocks-gallery-item\"><figure><img fetchpriority=\"high\" decoding=\"async\" width=\"1024\" height=\"584\" src=\"http:\/\/zagorscypracownia.art\/wp-content\/uploads\/2020\/08\/3-6-1024x584.jpg\" alt=\"\" data-id=\"293\" data-full-url=\"http:\/\/zagorscypracownia.art\/wp-content\/uploads\/2020\/08\/3-6-scaled.jpg\" data-link=\"http:\/\/zagorscypracownia.art\/?attachment_id=293\" class=\"wp-image-293\" srcset=\"https:\/\/zagorscypracownia.art\/wp-content\/uploads\/2020\/08\/3-6-1024x584.jpg 1024w, https:\/\/zagorscypracownia.art\/wp-content\/uploads\/2020\/08\/3-6-300x171.jpg 300w, https:\/\/zagorscypracownia.art\/wp-content\/uploads\/2020\/08\/3-6-768x438.jpg 768w, https:\/\/zagorscypracownia.art\/wp-content\/uploads\/2020\/08\/3-6-1536x876.jpg 1536w, https:\/\/zagorscypracownia.art\/wp-content\/uploads\/2020\/08\/3-6-2048x1168.jpg 2048w\" sizes=\"(max-width: 1024px) 100vw, 1024px\" \/><\/figure><\/li><li class=\"blocks-gallery-item\"><figure><img decoding=\"async\" width=\"1024\" height=\"584\" src=\"http:\/\/zagorscypracownia.art\/wp-content\/uploads\/2020\/08\/4-5-1024x584.jpg\" alt=\"\" data-id=\"294\" data-full-url=\"http:\/\/zagorscypracownia.art\/wp-content\/uploads\/2020\/08\/4-5-scaled.jpg\" data-link=\"http:\/\/zagorscypracownia.art\/?attachment_id=294\" class=\"wp-image-294\" srcset=\"https:\/\/zagorscypracownia.art\/wp-content\/uploads\/2020\/08\/4-5-1024x584.jpg 1024w, https:\/\/zagorscypracownia.art\/wp-content\/uploads\/2020\/08\/4-5-300x171.jpg 300w, https:\/\/zagorscypracownia.art\/wp-content\/uploads\/2020\/08\/4-5-768x438.jpg 768w, https:\/\/zagorscypracownia.art\/wp-content\/uploads\/2020\/08\/4-5-1536x876.jpg 1536w, https:\/\/zagorscypracownia.art\/wp-content\/uploads\/2020\/08\/4-5-2048x1168.jpg 2048w\" sizes=\"(max-width: 1024px) 100vw, 1024px\" \/><\/figure><\/li><li class=\"blocks-gallery-item\"><figure><img decoding=\"async\" width=\"1024\" height=\"584\" src=\"http:\/\/zagorscypracownia.art\/wp-content\/uploads\/2020\/08\/1-6-1024x584.jpg\" alt=\"\" data-id=\"291\" data-full-url=\"http:\/\/zagorscypracownia.art\/wp-content\/uploads\/2020\/08\/1-6-scaled.jpg\" data-link=\"http:\/\/zagorscypracownia.art\/?attachment_id=291\" class=\"wp-image-291\" srcset=\"https:\/\/zagorscypracownia.art\/wp-content\/uploads\/2020\/08\/1-6-1024x584.jpg 1024w, https:\/\/zagorscypracownia.art\/wp-content\/uploads\/2020\/08\/1-6-300x171.jpg 300w, https:\/\/zagorscypracownia.art\/wp-content\/uploads\/2020\/08\/1-6-768x438.jpg 768w, https:\/\/zagorscypracownia.art\/wp-content\/uploads\/2020\/08\/1-6-1536x876.jpg 1536w, https:\/\/zagorscypracownia.art\/wp-content\/uploads\/2020\/08\/1-6-2048x1168.jpg 2048w\" sizes=\"(max-width: 1024px) 100vw, 1024px\" \/><\/figure><\/li><li class=\"blocks-gallery-item\"><figure><img loading=\"lazy\" decoding=\"async\" width=\"1024\" height=\"584\" src=\"http:\/\/zagorscypracownia.art\/wp-content\/uploads\/2020\/08\/2-7-1024x584.jpg\" alt=\"\" data-id=\"292\" data-full-url=\"http:\/\/zagorscypracownia.art\/wp-content\/uploads\/2020\/08\/2-7-scaled.jpg\" data-link=\"http:\/\/zagorscypracownia.art\/?attachment_id=292\" class=\"wp-image-292\" srcset=\"https:\/\/zagorscypracownia.art\/wp-content\/uploads\/2020\/08\/2-7-1024x584.jpg 1024w, https:\/\/zagorscypracownia.art\/wp-content\/uploads\/2020\/08\/2-7-300x171.jpg 300w, https:\/\/zagorscypracownia.art\/wp-content\/uploads\/2020\/08\/2-7-768x438.jpg 768w, https:\/\/zagorscypracownia.art\/wp-content\/uploads\/2020\/08\/2-7-1536x876.jpg 1536w, https:\/\/zagorscypracownia.art\/wp-content\/uploads\/2020\/08\/2-7-2048x1168.jpg 2048w\" sizes=\"(max-width: 1024px) 100vw, 1024px\" \/><\/figure><\/li><\/ul><\/figure>\n","protected":false},"excerpt":{"rendered":"","protected":false},"author":1,"featured_media":0,"parent":0,"menu_order":0,"comment_status":"closed","ping_status":"closed","template":"","meta":{"footnotes":""},"class_list":["post-290","page","type-page","status-publish","hentry"],"_links":{"self":[{"href":"https:\/\/zagorscypracownia.art\/index.php\/wp-json\/wp\/v2\/pages\/290","targetHints":{"allow":["GET"]}}],"collection":[{"href":"https:\/\/zagorscypracownia.art\/index.php\/wp-json\/wp\/v2\/pages"}],"about":[{"href":"https:\/\/zagorscypracownia.art\/index.php\/wp-json\/wp\/v2\/types\/page"}],"author":[{"embeddable":true,"href":"https:\/\/zagorscypracownia.art\/index.php\/wp-json\/wp\/v2\/users\/1"}],"replies":[{"embeddable":true,"href":"https:\/\/zagorscypracownia.art\/index.php\/wp-json\/wp\/v2\/comments?post=290"}],"version-history":[{"count":2,"href":"https:\/\/zagorscypracownia.art\/index.php\/wp-json\/wp\/v2\/pages\/290\/revisions"}],"predecessor-version":[{"id":307,"href":"https:\/\/zagorscypracownia.art\/index.php\/wp-json\/wp\/v2\/pages\/290\/revisions\/307"}],"wp:attachment":[{"href":"https:\/\/zagorscypracownia.art\/index.php\/wp-json\/wp\/v2\/media?parent=290"}],"curies":[{"name":"wp","href":"https:\/\/api.w.org\/{rel}","templated":true}]}}