{"id":278,"date":"2020-08-02T19:30:15","date_gmt":"2020-08-02T19:30:15","guid":{"rendered":"http:\/\/zagorscypracownia.art\/?page_id=278"},"modified":"2020-08-02T19:30:29","modified_gmt":"2020-08-02T19:30:29","slug":"krzyz-w-kosciele-pw-sw-wawrzynca-szwelice","status":"publish","type":"page","link":"https:\/\/zagorscypracownia.art\/index.php\/krzyz-w-kosciele-pw-sw-wawrzynca-szwelice\/","title":{"rendered":"Krzy\u017c w ko\u015bciele pw. \u015bw. Wawrzy\u0144ca, Szwelice"},"content":{"rendered":"\n<figure class=\"wp-block-gallery columns-1 is-cropped wp-block-gallery-1 is-layout-flex wp-block-gallery-is-layout-flex\"><ul class=\"blocks-gallery-grid\"><li class=\"blocks-gallery-item\"><figure><img fetchpriority=\"high\" decoding=\"async\" width=\"682\" height=\"1024\" src=\"http:\/\/zagorscypracownia.art\/wp-content\/uploads\/2020\/08\/6-3-682x1024.jpg\" alt=\"\" data-id=\"279\" data-full-url=\"http:\/\/zagorscypracownia.art\/wp-content\/uploads\/2020\/08\/6-3.jpg\" data-link=\"http:\/\/zagorscypracownia.art\/?attachment_id=279\" class=\"wp-image-279\" srcset=\"https:\/\/zagorscypracownia.art\/wp-content\/uploads\/2020\/08\/6-3-682x1024.jpg 682w, https:\/\/zagorscypracownia.art\/wp-content\/uploads\/2020\/08\/6-3-200x300.jpg 200w, https:\/\/zagorscypracownia.art\/wp-content\/uploads\/2020\/08\/6-3-768x1152.jpg 768w, https:\/\/zagorscypracownia.art\/wp-content\/uploads\/2020\/08\/6-3-1024x1536.jpg 1024w, https:\/\/zagorscypracownia.art\/wp-content\/uploads\/2020\/08\/6-3.jpg 1333w\" sizes=\"(max-width: 682px) 100vw, 682px\" \/><\/figure><\/li><\/ul><\/figure>\n\n\n\n<figure class=\"wp-block-gallery columns-2 is-cropped wp-block-gallery-2 is-layout-flex wp-block-gallery-is-layout-flex\"><ul class=\"blocks-gallery-grid\"><li class=\"blocks-gallery-item\"><figure><img decoding=\"async\" width=\"682\" height=\"1024\" src=\"http:\/\/zagorscypracownia.art\/wp-content\/uploads\/2020\/08\/5-5-682x1024.jpg\" alt=\"\" data-id=\"284\" data-full-url=\"http:\/\/zagorscypracownia.art\/wp-content\/uploads\/2020\/08\/5-5.jpg\" data-link=\"http:\/\/zagorscypracownia.art\/?attachment_id=284\" class=\"wp-image-284\" srcset=\"https:\/\/zagorscypracownia.art\/wp-content\/uploads\/2020\/08\/5-5-682x1024.jpg 682w, https:\/\/zagorscypracownia.art\/wp-content\/uploads\/2020\/08\/5-5-200x300.jpg 200w, https:\/\/zagorscypracownia.art\/wp-content\/uploads\/2020\/08\/5-5-768x1152.jpg 768w, https:\/\/zagorscypracownia.art\/wp-content\/uploads\/2020\/08\/5-5-1024x1536.jpg 1024w, https:\/\/zagorscypracownia.art\/wp-content\/uploads\/2020\/08\/5-5.jpg 1333w\" sizes=\"(max-width: 682px) 100vw, 682px\" \/><\/figure><\/li><li class=\"blocks-gallery-item\"><figure><img decoding=\"async\" width=\"682\" height=\"1024\" src=\"http:\/\/zagorscypracownia.art\/wp-content\/uploads\/2020\/08\/7-4-682x1024.jpg\" alt=\"\" data-id=\"285\" data-full-url=\"http:\/\/zagorscypracownia.art\/wp-content\/uploads\/2020\/08\/7-4.jpg\" data-link=\"http:\/\/zagorscypracownia.art\/?attachment_id=285\" class=\"wp-image-285\" srcset=\"https:\/\/zagorscypracownia.art\/wp-content\/uploads\/2020\/08\/7-4-682x1024.jpg 682w, https:\/\/zagorscypracownia.art\/wp-content\/uploads\/2020\/08\/7-4-200x300.jpg 200w, https:\/\/zagorscypracownia.art\/wp-content\/uploads\/2020\/08\/7-4-768x1152.jpg 768w, https:\/\/zagorscypracownia.art\/wp-content\/uploads\/2020\/08\/7-4-1024x1536.jpg 1024w, https:\/\/zagorscypracownia.art\/wp-content\/uploads\/2020\/08\/7-4.jpg 1333w\" sizes=\"(max-width: 682px) 100vw, 682px\" \/><\/figure><\/li><\/ul><\/figure>\n\n\n\n<figure class=\"wp-block-gallery columns-2 is-cropped wp-block-gallery-3 is-layout-flex wp-block-gallery-is-layout-flex\"><ul class=\"blocks-gallery-grid\"><li class=\"blocks-gallery-item\"><figure><img loading=\"lazy\" decoding=\"async\" width=\"682\" height=\"1024\" src=\"http:\/\/zagorscypracownia.art\/wp-content\/uploads\/2020\/08\/3-5-682x1024.jpg\" alt=\"\" data-id=\"280\" data-full-url=\"http:\/\/zagorscypracownia.art\/wp-content\/uploads\/2020\/08\/3-5.jpg\" data-link=\"http:\/\/zagorscypracownia.art\/?attachment_id=280\" class=\"wp-image-280\" srcset=\"https:\/\/zagorscypracownia.art\/wp-content\/uploads\/2020\/08\/3-5-682x1024.jpg 682w, https:\/\/zagorscypracownia.art\/wp-content\/uploads\/2020\/08\/3-5-200x300.jpg 200w, https:\/\/zagorscypracownia.art\/wp-content\/uploads\/2020\/08\/3-5-768x1152.jpg 768w, https:\/\/zagorscypracownia.art\/wp-content\/uploads\/2020\/08\/3-5-1024x1536.jpg 1024w, https:\/\/zagorscypracownia.art\/wp-content\/uploads\/2020\/08\/3-5.jpg 1333w\" sizes=\"(max-width: 682px) 100vw, 682px\" \/><\/figure><\/li><li class=\"blocks-gallery-item\"><figure><img loading=\"lazy\" decoding=\"async\" width=\"682\" height=\"1024\" src=\"http:\/\/zagorscypracownia.art\/wp-content\/uploads\/2020\/08\/4-4-682x1024.jpg\" alt=\"\" data-id=\"282\" data-full-url=\"http:\/\/zagorscypracownia.art\/wp-content\/uploads\/2020\/08\/4-4.jpg\" data-link=\"http:\/\/zagorscypracownia.art\/?attachment_id=282\" class=\"wp-image-282\" srcset=\"https:\/\/zagorscypracownia.art\/wp-content\/uploads\/2020\/08\/4-4-682x1024.jpg 682w, https:\/\/zagorscypracownia.art\/wp-content\/uploads\/2020\/08\/4-4-200x300.jpg 200w, https:\/\/zagorscypracownia.art\/wp-content\/uploads\/2020\/08\/4-4-768x1152.jpg 768w, https:\/\/zagorscypracownia.art\/wp-content\/uploads\/2020\/08\/4-4-1024x1536.jpg 1024w, https:\/\/zagorscypracownia.art\/wp-content\/uploads\/2020\/08\/4-4.jpg 1333w\" sizes=\"(max-width: 682px) 100vw, 682px\" \/><\/figure><\/li><\/ul><\/figure>\n\n\n\n<figure class=\"wp-block-gallery columns-2 is-cropped wp-block-gallery-4 is-layout-flex wp-block-gallery-is-layout-flex\"><ul class=\"blocks-gallery-grid\"><li class=\"blocks-gallery-item\"><figure><img loading=\"lazy\" decoding=\"async\" width=\"682\" height=\"1024\" src=\"http:\/\/zagorscypracownia.art\/wp-content\/uploads\/2020\/08\/1-5-682x1024.jpg\" alt=\"\" data-id=\"281\" data-full-url=\"http:\/\/zagorscypracownia.art\/wp-content\/uploads\/2020\/08\/1-5.jpg\" data-link=\"http:\/\/zagorscypracownia.art\/?attachment_id=281\" class=\"wp-image-281\" srcset=\"https:\/\/zagorscypracownia.art\/wp-content\/uploads\/2020\/08\/1-5-682x1024.jpg 682w, https:\/\/zagorscypracownia.art\/wp-content\/uploads\/2020\/08\/1-5-200x300.jpg 200w, https:\/\/zagorscypracownia.art\/wp-content\/uploads\/2020\/08\/1-5-768x1152.jpg 768w, https:\/\/zagorscypracownia.art\/wp-content\/uploads\/2020\/08\/1-5-1024x1536.jpg 1024w, https:\/\/zagorscypracownia.art\/wp-content\/uploads\/2020\/08\/1-5.jpg 1333w\" sizes=\"(max-width: 682px) 100vw, 682px\" \/><\/figure><\/li><li class=\"blocks-gallery-item\"><figure><img loading=\"lazy\" decoding=\"async\" width=\"682\" height=\"1024\" src=\"http:\/\/zagorscypracownia.art\/wp-content\/uploads\/2020\/08\/2-6-682x1024.jpg\" alt=\"\" data-id=\"283\" data-full-url=\"http:\/\/zagorscypracownia.art\/wp-content\/uploads\/2020\/08\/2-6.jpg\" data-link=\"http:\/\/zagorscypracownia.art\/?attachment_id=283\" class=\"wp-image-283\" srcset=\"https:\/\/zagorscypracownia.art\/wp-content\/uploads\/2020\/08\/2-6-682x1024.jpg 682w, https:\/\/zagorscypracownia.art\/wp-content\/uploads\/2020\/08\/2-6-200x300.jpg 200w, https:\/\/zagorscypracownia.art\/wp-content\/uploads\/2020\/08\/2-6-768x1152.jpg 768w, https:\/\/zagorscypracownia.art\/wp-content\/uploads\/2020\/08\/2-6-1024x1536.jpg 1024w, https:\/\/zagorscypracownia.art\/wp-content\/uploads\/2020\/08\/2-6.jpg 1333w\" sizes=\"(max-width: 682px) 100vw, 682px\" \/><\/figure><\/li><\/ul><\/figure>\n","protected":false},"excerpt":{"rendered":"","protected":false},"author":1,"featured_media":0,"parent":0,"menu_order":0,"comment_status":"closed","ping_status":"closed","template":"","meta":{"footnotes":""},"class_list":["post-278","page","type-page","status-publish","hentry"],"_links":{"self":[{"href":"https:\/\/zagorscypracownia.art\/index.php\/wp-json\/wp\/v2\/pages\/278","targetHints":{"allow":["GET"]}}],"collection":[{"href":"https:\/\/zagorscypracownia.art\/index.php\/wp-json\/wp\/v2\/pages"}],"about":[{"href":"https:\/\/zagorscypracownia.art\/index.php\/wp-json\/wp\/v2\/types\/page"}],"author":[{"embeddable":true,"href":"https:\/\/zagorscypracownia.art\/index.php\/wp-json\/wp\/v2\/users\/1"}],"replies":[{"embeddable":true,"href":"https:\/\/zagorscypracownia.art\/index.php\/wp-json\/wp\/v2\/comments?post=278"}],"version-history":[{"count":2,"href":"https:\/\/zagorscypracownia.art\/index.php\/wp-json\/wp\/v2\/pages\/278\/revisions"}],"predecessor-version":[{"id":287,"href":"https:\/\/zagorscypracownia.art\/index.php\/wp-json\/wp\/v2\/pages\/278\/revisions\/287"}],"wp:attachment":[{"href":"https:\/\/zagorscypracownia.art\/index.php\/wp-json\/wp\/v2\/media?parent=278"}],"curies":[{"name":"wp","href":"https:\/\/api.w.org\/{rel}","templated":true}]}}