{"id":264,"date":"2020-08-02T17:42:44","date_gmt":"2020-08-02T17:42:44","guid":{"rendered":"http:\/\/zagorscypracownia.art\/?page_id=264"},"modified":"2020-08-02T17:42:44","modified_gmt":"2020-08-02T17:42:44","slug":"posag-maryi-gloskow","status":"publish","type":"page","link":"https:\/\/zagorscypracownia.art\/index.php\/posag-maryi-gloskow\/","title":{"rendered":"Pos\u0105g Maryi, G\u0142osk\u00f3w"},"content":{"rendered":"\n<figure class=\"wp-block-gallery columns-1 is-cropped wp-block-gallery-1 is-layout-flex wp-block-gallery-is-layout-flex\"><ul class=\"blocks-gallery-grid\"><li class=\"blocks-gallery-item\"><figure><img fetchpriority=\"high\" decoding=\"async\" width=\"682\" height=\"1024\" src=\"http:\/\/zagorscypracownia.art\/wp-content\/uploads\/2020\/08\/1-4-682x1024.jpg\" alt=\"\" data-id=\"265\" data-full-url=\"http:\/\/zagorscypracownia.art\/wp-content\/uploads\/2020\/08\/1-4.jpg\" data-link=\"http:\/\/zagorscypracownia.art\/?attachment_id=265\" class=\"wp-image-265\" srcset=\"https:\/\/zagorscypracownia.art\/wp-content\/uploads\/2020\/08\/1-4-682x1024.jpg 682w, https:\/\/zagorscypracownia.art\/wp-content\/uploads\/2020\/08\/1-4-200x300.jpg 200w, https:\/\/zagorscypracownia.art\/wp-content\/uploads\/2020\/08\/1-4-768x1152.jpg 768w, https:\/\/zagorscypracownia.art\/wp-content\/uploads\/2020\/08\/1-4-1024x1536.jpg 1024w, https:\/\/zagorscypracownia.art\/wp-content\/uploads\/2020\/08\/1-4.jpg 1291w\" sizes=\"(max-width: 682px) 100vw, 682px\" \/><\/figure><\/li><\/ul><\/figure>\n\n\n\n<figure class=\"wp-block-gallery columns-2 is-cropped wp-block-gallery-2 is-layout-flex wp-block-gallery-is-layout-flex\"><ul class=\"blocks-gallery-grid\"><li class=\"blocks-gallery-item\"><figure><img decoding=\"async\" width=\"682\" height=\"1024\" src=\"http:\/\/zagorscypracownia.art\/wp-content\/uploads\/2020\/08\/0-682x1024.jpg\" alt=\"\" data-id=\"266\" data-link=\"http:\/\/zagorscypracownia.art\/?attachment_id=266\" class=\"wp-image-266\" srcset=\"https:\/\/zagorscypracownia.art\/wp-content\/uploads\/2020\/08\/0-682x1024.jpg 682w, https:\/\/zagorscypracownia.art\/wp-content\/uploads\/2020\/08\/0-200x300.jpg 200w, https:\/\/zagorscypracownia.art\/wp-content\/uploads\/2020\/08\/0-768x1152.jpg 768w, https:\/\/zagorscypracownia.art\/wp-content\/uploads\/2020\/08\/0-1024x1536.jpg 1024w, https:\/\/zagorscypracownia.art\/wp-content\/uploads\/2020\/08\/0.jpg 1291w\" sizes=\"(max-width: 682px) 100vw, 682px\" \/><\/figure><\/li><li class=\"blocks-gallery-item\"><figure><img decoding=\"async\" width=\"682\" height=\"1024\" src=\"http:\/\/zagorscypracownia.art\/wp-content\/uploads\/2020\/08\/15-682x1024.jpg\" alt=\"\" data-id=\"267\" data-link=\"http:\/\/zagorscypracownia.art\/?attachment_id=267\" class=\"wp-image-267\" srcset=\"https:\/\/zagorscypracownia.art\/wp-content\/uploads\/2020\/08\/15-682x1024.jpg 682w, https:\/\/zagorscypracownia.art\/wp-content\/uploads\/2020\/08\/15-200x300.jpg 200w, https:\/\/zagorscypracownia.art\/wp-content\/uploads\/2020\/08\/15-768x1152.jpg 768w, https:\/\/zagorscypracownia.art\/wp-content\/uploads\/2020\/08\/15-1024x1536.jpg 1024w, https:\/\/zagorscypracownia.art\/wp-content\/uploads\/2020\/08\/15.jpg 1291w\" sizes=\"(max-width: 682px) 100vw, 682px\" \/><\/figure><\/li><li class=\"blocks-gallery-item\"><figure><img loading=\"lazy\" decoding=\"async\" width=\"682\" height=\"1024\" src=\"http:\/\/zagorscypracownia.art\/wp-content\/uploads\/2020\/08\/21-682x1024.jpg\" alt=\"\" data-id=\"268\" data-full-url=\"http:\/\/zagorscypracownia.art\/wp-content\/uploads\/2020\/08\/21.jpg\" data-link=\"http:\/\/zagorscypracownia.art\/?attachment_id=268\" class=\"wp-image-268\" srcset=\"https:\/\/zagorscypracownia.art\/wp-content\/uploads\/2020\/08\/21-682x1024.jpg 682w, https:\/\/zagorscypracownia.art\/wp-content\/uploads\/2020\/08\/21-200x300.jpg 200w, https:\/\/zagorscypracownia.art\/wp-content\/uploads\/2020\/08\/21-768x1152.jpg 768w, https:\/\/zagorscypracownia.art\/wp-content\/uploads\/2020\/08\/21-1024x1536.jpg 1024w, https:\/\/zagorscypracownia.art\/wp-content\/uploads\/2020\/08\/21.jpg 1291w\" sizes=\"(max-width: 682px) 100vw, 682px\" \/><\/figure><\/li><li class=\"blocks-gallery-item\"><figure><img loading=\"lazy\" decoding=\"async\" width=\"682\" height=\"1024\" src=\"http:\/\/zagorscypracownia.art\/wp-content\/uploads\/2020\/08\/2-5-682x1024.jpg\" alt=\"\" data-id=\"269\" data-full-url=\"http:\/\/zagorscypracownia.art\/wp-content\/uploads\/2020\/08\/2-5.jpg\" data-link=\"http:\/\/zagorscypracownia.art\/?attachment_id=269\" class=\"wp-image-269\" srcset=\"https:\/\/zagorscypracownia.art\/wp-content\/uploads\/2020\/08\/2-5-682x1024.jpg 682w, https:\/\/zagorscypracownia.art\/wp-content\/uploads\/2020\/08\/2-5-200x300.jpg 200w, https:\/\/zagorscypracownia.art\/wp-content\/uploads\/2020\/08\/2-5-768x1152.jpg 768w, https:\/\/zagorscypracownia.art\/wp-content\/uploads\/2020\/08\/2-5-1024x1536.jpg 1024w, https:\/\/zagorscypracownia.art\/wp-content\/uploads\/2020\/08\/2-5.jpg 1291w\" sizes=\"(max-width: 682px) 100vw, 682px\" \/><\/figure><\/li><\/ul><\/figure>\n\n\n\n<figure class=\"wp-block-gallery columns-2 is-cropped wp-block-gallery-3 is-layout-flex wp-block-gallery-is-layout-flex\"><ul class=\"blocks-gallery-grid\"><li class=\"blocks-gallery-item\"><figure><img loading=\"lazy\" decoding=\"async\" width=\"1024\" height=\"682\" src=\"http:\/\/zagorscypracownia.art\/wp-content\/uploads\/2020\/08\/6-2-1024x682.jpg\" alt=\"\" data-id=\"271\" data-full-url=\"http:\/\/zagorscypracownia.art\/wp-content\/uploads\/2020\/08\/6-2.jpg\" data-link=\"http:\/\/zagorscypracownia.art\/?attachment_id=271\" class=\"wp-image-271\" srcset=\"https:\/\/zagorscypracownia.art\/wp-content\/uploads\/2020\/08\/6-2-1024x682.jpg 1024w, https:\/\/zagorscypracownia.art\/wp-content\/uploads\/2020\/08\/6-2-300x200.jpg 300w, https:\/\/zagorscypracownia.art\/wp-content\/uploads\/2020\/08\/6-2-768x512.jpg 768w, https:\/\/zagorscypracownia.art\/wp-content\/uploads\/2020\/08\/6-2-1536x1024.jpg 1536w, https:\/\/zagorscypracownia.art\/wp-content\/uploads\/2020\/08\/6-2.jpg 2000w\" sizes=\"(max-width: 1024px) 100vw, 1024px\" \/><\/figure><\/li><li class=\"blocks-gallery-item\"><figure><img loading=\"lazy\" decoding=\"async\" width=\"1024\" height=\"682\" src=\"http:\/\/zagorscypracownia.art\/wp-content\/uploads\/2020\/08\/5-4-1024x682.jpg\" alt=\"\" data-id=\"270\" data-full-url=\"http:\/\/zagorscypracownia.art\/wp-content\/uploads\/2020\/08\/5-4.jpg\" data-link=\"http:\/\/zagorscypracownia.art\/?attachment_id=270\" class=\"wp-image-270\" srcset=\"https:\/\/zagorscypracownia.art\/wp-content\/uploads\/2020\/08\/5-4-1024x682.jpg 1024w, https:\/\/zagorscypracownia.art\/wp-content\/uploads\/2020\/08\/5-4-300x200.jpg 300w, https:\/\/zagorscypracownia.art\/wp-content\/uploads\/2020\/08\/5-4-768x512.jpg 768w, https:\/\/zagorscypracownia.art\/wp-content\/uploads\/2020\/08\/5-4-1536x1024.jpg 1536w, https:\/\/zagorscypracownia.art\/wp-content\/uploads\/2020\/08\/5-4.jpg 2000w\" sizes=\"(max-width: 1024px) 100vw, 1024px\" \/><\/figure><\/li><\/ul><\/figure>\n\n\n\n<figure class=\"wp-block-gallery columns-2 is-cropped wp-block-gallery-4 is-layout-flex wp-block-gallery-is-layout-flex\"><ul class=\"blocks-gallery-grid\"><li class=\"blocks-gallery-item\"><figure><img loading=\"lazy\" decoding=\"async\" width=\"682\" height=\"1024\" src=\"http:\/\/zagorscypracownia.art\/wp-content\/uploads\/2020\/08\/7-3-682x1024.jpg\" alt=\"\" data-id=\"273\" data-full-url=\"http:\/\/zagorscypracownia.art\/wp-content\/uploads\/2020\/08\/7-3.jpg\" data-link=\"http:\/\/zagorscypracownia.art\/?attachment_id=273\" class=\"wp-image-273\" srcset=\"https:\/\/zagorscypracownia.art\/wp-content\/uploads\/2020\/08\/7-3-682x1024.jpg 682w, https:\/\/zagorscypracownia.art\/wp-content\/uploads\/2020\/08\/7-3-200x300.jpg 200w, https:\/\/zagorscypracownia.art\/wp-content\/uploads\/2020\/08\/7-3-768x1152.jpg 768w, https:\/\/zagorscypracownia.art\/wp-content\/uploads\/2020\/08\/7-3-1024x1536.jpg 1024w, https:\/\/zagorscypracownia.art\/wp-content\/uploads\/2020\/08\/7-3.jpg 1291w\" sizes=\"(max-width: 682px) 100vw, 682px\" \/><\/figure><\/li><li class=\"blocks-gallery-item\"><figure><img loading=\"lazy\" decoding=\"async\" width=\"682\" height=\"1024\" src=\"http:\/\/zagorscypracownia.art\/wp-content\/uploads\/2020\/08\/3-4-682x1024.jpg\" alt=\"\" data-id=\"272\" data-full-url=\"http:\/\/zagorscypracownia.art\/wp-content\/uploads\/2020\/08\/3-4.jpg\" data-link=\"http:\/\/zagorscypracownia.art\/?attachment_id=272\" class=\"wp-image-272\" srcset=\"https:\/\/zagorscypracownia.art\/wp-content\/uploads\/2020\/08\/3-4-682x1024.jpg 682w, https:\/\/zagorscypracownia.art\/wp-content\/uploads\/2020\/08\/3-4-200x300.jpg 200w, https:\/\/zagorscypracownia.art\/wp-content\/uploads\/2020\/08\/3-4-768x1152.jpg 768w, https:\/\/zagorscypracownia.art\/wp-content\/uploads\/2020\/08\/3-4-1024x1536.jpg 1024w, https:\/\/zagorscypracownia.art\/wp-content\/uploads\/2020\/08\/3-4.jpg 1291w\" sizes=\"(max-width: 682px) 100vw, 682px\" \/><\/figure><\/li><\/ul><\/figure>\n","protected":false},"excerpt":{"rendered":"","protected":false},"author":1,"featured_media":0,"parent":0,"menu_order":0,"comment_status":"closed","ping_status":"closed","template":"","meta":{"footnotes":""},"class_list":["post-264","page","type-page","status-publish","hentry"],"_links":{"self":[{"href":"https:\/\/zagorscypracownia.art\/index.php\/wp-json\/wp\/v2\/pages\/264","targetHints":{"allow":["GET"]}}],"collection":[{"href":"https:\/\/zagorscypracownia.art\/index.php\/wp-json\/wp\/v2\/pages"}],"about":[{"href":"https:\/\/zagorscypracownia.art\/index.php\/wp-json\/wp\/v2\/types\/page"}],"author":[{"embeddable":true,"href":"https:\/\/zagorscypracownia.art\/index.php\/wp-json\/wp\/v2\/users\/1"}],"replies":[{"embeddable":true,"href":"https:\/\/zagorscypracownia.art\/index.php\/wp-json\/wp\/v2\/comments?post=264"}],"version-history":[{"count":1,"href":"https:\/\/zagorscypracownia.art\/index.php\/wp-json\/wp\/v2\/pages\/264\/revisions"}],"predecessor-version":[{"id":274,"href":"https:\/\/zagorscypracownia.art\/index.php\/wp-json\/wp\/v2\/pages\/264\/revisions\/274"}],"wp:attachment":[{"href":"https:\/\/zagorscypracownia.art\/index.php\/wp-json\/wp\/v2\/media?parent=264"}],"curies":[{"name":"wp","href":"https:\/\/api.w.org\/{rel}","templated":true}]}}