{"id":208,"date":"2020-08-02T15:00:13","date_gmt":"2020-08-02T15:00:13","guid":{"rendered":"http:\/\/zagorscypracownia.art\/?page_id=208"},"modified":"2020-08-02T15:30:06","modified_gmt":"2020-08-02T15:30:06","slug":"przasnysz-kosciol-pasjonistow","status":"publish","type":"page","link":"https:\/\/zagorscypracownia.art\/index.php\/przasnysz-kosciol-pasjonistow\/","title":{"rendered":"Ko\u015bci\u00f3\u0142 Pasjonist\u00f3w, Przasnysz"},"content":{"rendered":"\n<figure class=\"wp-block-gallery columns-2 is-cropped wp-block-gallery-1 is-layout-flex wp-block-gallery-is-layout-flex\"><ul class=\"blocks-gallery-grid\"><li class=\"blocks-gallery-item\"><figure><a href=\"http:\/\/zagorscypracownia.art\/wp-content\/uploads\/2020\/08\/1.jpg\"><img fetchpriority=\"high\" decoding=\"async\" width=\"682\" height=\"1024\" src=\"http:\/\/zagorscypracownia.art\/wp-content\/uploads\/2020\/08\/1-682x1024.jpg\" alt=\"\" data-id=\"209\" data-full-url=\"http:\/\/zagorscypracownia.art\/wp-content\/uploads\/2020\/08\/1.jpg\" data-link=\"http:\/\/zagorscypracownia.art\/?attachment_id=209\" class=\"wp-image-209\" srcset=\"https:\/\/zagorscypracownia.art\/wp-content\/uploads\/2020\/08\/1-682x1024.jpg 682w, https:\/\/zagorscypracownia.art\/wp-content\/uploads\/2020\/08\/1-200x300.jpg 200w, https:\/\/zagorscypracownia.art\/wp-content\/uploads\/2020\/08\/1-768x1152.jpg 768w, https:\/\/zagorscypracownia.art\/wp-content\/uploads\/2020\/08\/1-1024x1536.jpg 1024w, https:\/\/zagorscypracownia.art\/wp-content\/uploads\/2020\/08\/1.jpg 1333w\" sizes=\"(max-width: 682px) 100vw, 682px\" \/><\/a><\/figure><\/li><li class=\"blocks-gallery-item\"><figure><a href=\"http:\/\/zagorscypracownia.art\/wp-content\/uploads\/2020\/08\/2.jpg\"><img decoding=\"async\" width=\"682\" height=\"1024\" src=\"http:\/\/zagorscypracownia.art\/wp-content\/uploads\/2020\/08\/2-682x1024.jpg\" alt=\"\" data-id=\"210\" data-full-url=\"http:\/\/zagorscypracownia.art\/wp-content\/uploads\/2020\/08\/2.jpg\" data-link=\"http:\/\/zagorscypracownia.art\/?attachment_id=210\" class=\"wp-image-210\" srcset=\"https:\/\/zagorscypracownia.art\/wp-content\/uploads\/2020\/08\/2-682x1024.jpg 682w, https:\/\/zagorscypracownia.art\/wp-content\/uploads\/2020\/08\/2-200x300.jpg 200w, https:\/\/zagorscypracownia.art\/wp-content\/uploads\/2020\/08\/2-768x1152.jpg 768w, https:\/\/zagorscypracownia.art\/wp-content\/uploads\/2020\/08\/2-1024x1536.jpg 1024w, https:\/\/zagorscypracownia.art\/wp-content\/uploads\/2020\/08\/2.jpg 1333w\" sizes=\"(max-width: 682px) 100vw, 682px\" \/><\/a><\/figure><\/li><li class=\"blocks-gallery-item\"><figure><a href=\"http:\/\/zagorscypracownia.art\/wp-content\/uploads\/2020\/08\/3.jpg\"><img decoding=\"async\" width=\"682\" height=\"1024\" src=\"http:\/\/zagorscypracownia.art\/wp-content\/uploads\/2020\/08\/3-682x1024.jpg\" alt=\"\" data-id=\"211\" data-full-url=\"http:\/\/zagorscypracownia.art\/wp-content\/uploads\/2020\/08\/3.jpg\" data-link=\"http:\/\/zagorscypracownia.art\/?attachment_id=211\" class=\"wp-image-211\" srcset=\"https:\/\/zagorscypracownia.art\/wp-content\/uploads\/2020\/08\/3-682x1024.jpg 682w, https:\/\/zagorscypracownia.art\/wp-content\/uploads\/2020\/08\/3-200x300.jpg 200w, https:\/\/zagorscypracownia.art\/wp-content\/uploads\/2020\/08\/3-768x1152.jpg 768w, https:\/\/zagorscypracownia.art\/wp-content\/uploads\/2020\/08\/3-1024x1536.jpg 1024w, https:\/\/zagorscypracownia.art\/wp-content\/uploads\/2020\/08\/3.jpg 1333w\" sizes=\"(max-width: 682px) 100vw, 682px\" \/><\/a><\/figure><\/li><li class=\"blocks-gallery-item\"><figure><a href=\"http:\/\/zagorscypracownia.art\/wp-content\/uploads\/2020\/08\/4.jpg\"><img loading=\"lazy\" decoding=\"async\" width=\"1333\" height=\"2000\" src=\"http:\/\/zagorscypracownia.art\/wp-content\/uploads\/2020\/08\/4-682x1024.jpg\" alt=\"\" data-id=\"212\" data-full-url=\"http:\/\/zagorscypracownia.art\/wp-content\/uploads\/2020\/08\/4.jpg\" data-link=\"http:\/\/zagorscypracownia.art\/?attachment_id=212\" class=\"wp-image-212\" srcset=\"https:\/\/zagorscypracownia.art\/wp-content\/uploads\/2020\/08\/4-682x1024.jpg 682w, https:\/\/zagorscypracownia.art\/wp-content\/uploads\/2020\/08\/4-200x300.jpg 200w, https:\/\/zagorscypracownia.art\/wp-content\/uploads\/2020\/08\/4-768x1152.jpg 768w, https:\/\/zagorscypracownia.art\/wp-content\/uploads\/2020\/08\/4-1024x1536.jpg 1024w, https:\/\/zagorscypracownia.art\/wp-content\/uploads\/2020\/08\/4.jpg 1333w\" sizes=\"(max-width: 1333px) 100vw, 1333px\" \/><\/a><\/figure><\/li><\/ul><\/figure>\n","protected":false},"excerpt":{"rendered":"","protected":false},"author":1,"featured_media":0,"parent":0,"menu_order":0,"comment_status":"closed","ping_status":"closed","template":"","meta":{"footnotes":""},"class_list":["post-208","page","type-page","status-publish","hentry"],"_links":{"self":[{"href":"https:\/\/zagorscypracownia.art\/index.php\/wp-json\/wp\/v2\/pages\/208","targetHints":{"allow":["GET"]}}],"collection":[{"href":"https:\/\/zagorscypracownia.art\/index.php\/wp-json\/wp\/v2\/pages"}],"about":[{"href":"https:\/\/zagorscypracownia.art\/index.php\/wp-json\/wp\/v2\/types\/page"}],"author":[{"embeddable":true,"href":"https:\/\/zagorscypracownia.art\/index.php\/wp-json\/wp\/v2\/users\/1"}],"replies":[{"embeddable":true,"href":"https:\/\/zagorscypracownia.art\/index.php\/wp-json\/wp\/v2\/comments?post=208"}],"version-history":[{"count":2,"href":"https:\/\/zagorscypracownia.art\/index.php\/wp-json\/wp\/v2\/pages\/208\/revisions"}],"predecessor-version":[{"id":230,"href":"https:\/\/zagorscypracownia.art\/index.php\/wp-json\/wp\/v2\/pages\/208\/revisions\/230"}],"wp:attachment":[{"href":"https:\/\/zagorscypracownia.art\/index.php\/wp-json\/wp\/v2\/media?parent=208"}],"curies":[{"name":"wp","href":"https:\/\/api.w.org\/{rel}","templated":true}]}}