{"id":197,"date":"2020-08-02T14:24:13","date_gmt":"2020-08-02T14:24:13","guid":{"rendered":"http:\/\/zagorscypracownia.art\/?page_id=197"},"modified":"2020-08-08T10:55:49","modified_gmt":"2020-08-08T10:55:49","slug":"renowacja-tynkow-i-malowanie-wnetrz","status":"publish","type":"page","link":"https:\/\/zagorscypracownia.art\/index.php\/renowacja-tynkow-i-malowanie-wnetrz\/","title":{"rendered":"Renowacja tynk\u00f3w i malowanie wn\u0119trz"},"content":{"rendered":"\n<p>Poza wykonywaniem polichromii, prowadzimy prace przy renowacji tynk\u00f3w i malowaniu wn\u0119trz budowli sakralnych. <br>Sprawdzone systemy (Keim, Remmers) oraz wieloletnie do\u015bwiadczenie, gwarantuj\u0105 wysok\u0105 jako\u015b\u0107 naszej pracy.&nbsp; <\/p>\n\n\n\n<p>Zapraszamy do obejrzenia przyk\u0142adowych realicacji:<\/p>\n\n\n\n<div class=\"wp-block-media-text alignwide is-stacked-on-mobile is-vertically-aligned-top\" style=\"grid-template-columns:29% auto\"><figure class=\"wp-block-media-text__media\"><img fetchpriority=\"high\" decoding=\"async\" width=\"1024\" height=\"682\" src=\"http:\/\/zagorscypracownia.art\/wp-content\/uploads\/2020\/08\/4-2-1024x682.jpg\" alt=\"\" class=\"wp-image-233\" srcset=\"https:\/\/zagorscypracownia.art\/wp-content\/uploads\/2020\/08\/4-2-1024x682.jpg 1024w, https:\/\/zagorscypracownia.art\/wp-content\/uploads\/2020\/08\/4-2-300x200.jpg 300w, https:\/\/zagorscypracownia.art\/wp-content\/uploads\/2020\/08\/4-2-768x512.jpg 768w, https:\/\/zagorscypracownia.art\/wp-content\/uploads\/2020\/08\/4-2-1536x1024.jpg 1536w, https:\/\/zagorscypracownia.art\/wp-content\/uploads\/2020\/08\/4-2.jpg 2000w\" sizes=\"(max-width: 1024px) 100vw, 1024px\" \/><\/figure><div class=\"wp-block-media-text__content\">\n<p style=\"font-size:18px\"><strong><a href=\"http:\/\/zagorscypracownia.art\/index.php\/kosciol-pw-sw-wawrzynca-szwelice\/\">Ko\u015bci\u00f3\u0142 pw. \u015bw. Wawrzy\u0144ca<\/a><\/strong><br>Szwelice<\/p>\n<\/div><\/div>\n\n\n\n<div class=\"wp-block-media-text alignwide is-stacked-on-mobile is-vertically-aligned-top\" style=\"grid-template-columns:29% auto\"><figure class=\"wp-block-media-text__media\"><img decoding=\"async\" width=\"1024\" height=\"682\" src=\"http:\/\/zagorscypracownia.art\/wp-content\/uploads\/2020\/08\/prz2-1024x682.jpg\" alt=\"\" class=\"wp-image-235\" srcset=\"https:\/\/zagorscypracownia.art\/wp-content\/uploads\/2020\/08\/prz2-1024x682.jpg 1024w, https:\/\/zagorscypracownia.art\/wp-content\/uploads\/2020\/08\/prz2-300x200.jpg 300w, https:\/\/zagorscypracownia.art\/wp-content\/uploads\/2020\/08\/prz2-768x512.jpg 768w, https:\/\/zagorscypracownia.art\/wp-content\/uploads\/2020\/08\/prz2-1536x1024.jpg 1536w, https:\/\/zagorscypracownia.art\/wp-content\/uploads\/2020\/08\/prz2.jpg 2000w\" sizes=\"(max-width: 1024px) 100vw, 1024px\" \/><\/figure><div class=\"wp-block-media-text__content\">\n<p style=\"font-size:18px\"><strong><a href=\"http:\/\/zagorscypracownia.art\/index.php\/przasnysz-kosciol-pasjonistow\/\">Ko\u015bci\u00f3\u0142 Pasjonist\u00f3w<\/a><\/strong><br>Przasnysz<\/p>\n<\/div><\/div>\n\n\n\n<p><\/p>\n","protected":false},"excerpt":{"rendered":"<p>Poza wykonywaniem polichromii, prowadzimy prace przy renowacji tynk\u00f3w i malowaniu wn\u0119trz budowli sakralnych. Sprawdzone systemy (Keim, Remmers) oraz wieloletnie do\u015bwiadczenie, gwarantuj\u0105 wysok\u0105 jako\u015b\u0107 naszej pracy.&nbsp; Zapraszamy do obejrzenia przyk\u0142adowych realicacji: Ko\u015bci\u00f3\u0142 pw. \u015bw. Wawrzy\u0144caSzwelice Ko\u015bci\u00f3\u0142 Pasjonist\u00f3wPrzasnysz<\/p>\n","protected":false},"author":1,"featured_media":0,"parent":0,"menu_order":0,"comment_status":"closed","ping_status":"closed","template":"","meta":{"footnotes":""},"class_list":["post-197","page","type-page","status-publish","hentry"],"_links":{"self":[{"href":"https:\/\/zagorscypracownia.art\/index.php\/wp-json\/wp\/v2\/pages\/197","targetHints":{"allow":["GET"]}}],"collection":[{"href":"https:\/\/zagorscypracownia.art\/index.php\/wp-json\/wp\/v2\/pages"}],"about":[{"href":"https:\/\/zagorscypracownia.art\/index.php\/wp-json\/wp\/v2\/types\/page"}],"author":[{"embeddable":true,"href":"https:\/\/zagorscypracownia.art\/index.php\/wp-json\/wp\/v2\/users\/1"}],"replies":[{"embeddable":true,"href":"https:\/\/zagorscypracownia.art\/index.php\/wp-json\/wp\/v2\/comments?post=197"}],"version-history":[{"count":5,"href":"https:\/\/zagorscypracownia.art\/index.php\/wp-json\/wp\/v2\/pages\/197\/revisions"}],"predecessor-version":[{"id":352,"href":"https:\/\/zagorscypracownia.art\/index.php\/wp-json\/wp\/v2\/pages\/197\/revisions\/352"}],"wp:attachment":[{"href":"https:\/\/zagorscypracownia.art\/index.php\/wp-json\/wp\/v2\/media?parent=197"}],"curies":[{"name":"wp","href":"https:\/\/api.w.org\/{rel}","templated":true}]}}